{"id":746,"date":"2025-05-12T11:21:02","date_gmt":"2025-05-12T09:21:02","guid":{"rendered":"https:\/\/eudan.eus\/?page_id=746"},"modified":"2025-05-13T15:31:11","modified_gmt":"2025-05-13T13:31:11","slug":"kit-digital","status":"publish","type":"page","link":"https:\/\/eudan.eus\/eu\/kit-digital\/","title":{"rendered":"Kit Digitala"},"content":{"rendered":"<p>[et_pb_section fb_built=\u00bb1&#8243; _builder_version=\u00bb4.24.3&#8243; _module_preset=\u00bbdefault\u00bb custom_padding=\u00bb||150px|||\u00bb global_colors_info=\u00bb{}\u00bb][et_pb_row column_structure=\u00bb3_4,1_4&#8243; _builder_version=\u00bb4.24.3&#8243; _module_preset=\u00bbdefault\u00bb width=\u00bb79.4%\u00bb global_colors_info=\u00bb{}\u00bb][et_pb_column type=\u00bb3_4&#8243; _builder_version=\u00bb4.24.3&#8243; _module_preset=\u00bbdefault\u00bb global_colors_info=\u00bb{}\u00bb][et_pb_text _builder_version=\u00bb4.27.4&#8243; _module_preset=\u00bbdefault\u00bb global_colors_info=\u00bb{}\u00bb]<\/p>\n<h1>Kit Digitala | EUDAN<\/h1>\n<p>[\/et_pb_text][et_pb_image src=\u00bbhttps:\/\/eudan.eus\/wp-content\/uploads\/2025\/05\/Logo-Kit-Digital_logo-ampliado.png\u00bb title_text=\u00bbLogo Kit Digital_logo-ampliado\u00bb _builder_version=\u00bb4.27.4&#8243; _module_preset=\u00bbdefault\u00bb global_colors_info=\u00bb{}\u00bb][\/et_pb_image][et_pb_text _builder_version=\u00bb4.27.4&#8243; _module_preset=\u00bbdefault\u00bb text_font=\u00bb|300|||||||\u00bb hover_enabled=\u00bb0&#8243; global_colors_info=\u00bb{}\u00bb sticky_enabled=\u00bb0&#8243;]<\/p>\n<p><strong>EUDANen Digitalizaziorako Soluzioak | Kit Digitala Programa<\/strong><\/p>\n<p><strong><\/strong><\/p>\n<p><strong>Zer da Kit Digitala Programa?<\/strong><\/p>\n<p>En <strong>EUDAN<\/strong>en, <strong>Kit Digitala Programari Atxikitako Agente Digitalizatzaile<\/strong> gisa <strong>,<\/strong>enpresa txikien, mikroenpresen eta autonomoen eskura jartzen ditugu gure soluzio teknologikoak, digitalizazioa bultzatzeko. Ekimen hori <strong>\"Next Generation EU\" Europako Funtsek<\/strong>finantzatzen dute, Espainiako Gobernuaren <strong>Berreskuratze, Eraldaketa eta Erresilientzia Planaren<\/strong> esparruan.<\/p>\n<p>Gure konpromisoa da erakunde onuradunei digitalizazio-prozesuan laguntzea, kalitatezko zerbitzua bermatuz, haien beharretara egokitua eta eraldaketa digitalean emaitza zehatzak sortzera bideratua.<\/p>\n<p><strong><\/strong><\/p>\n<p><strong><\/strong><\/p>\n<p><strong><\/strong><\/p>\n<p><strong><\/strong><\/p>\n<p><strong>Digitalizazio-Soluzio Eskuragarriak<\/strong><\/p>\n<p>EUDANen honako soluzio hauek eskaintzen ditugu Kit Digitala Programaren katalogoaren barruan:<\/p>\n<p><strong><\/strong><\/p>\n<p><strong><\/strong><\/p>\n<p><strong>1. Business Intelligence eta Analitika (I., II., III. eta IV. segmentuak)<\/strong><\/p>\n<p><strong>a) Erabakiak Hartzeko Datuen Analisi Adimenduna<\/strong><\/p>\n<p>Datuak aztertzeko soluzio pertsonalizatuak ezartzeko zerbitzua, negozioaren, salmenten, bezeroen edo sare sozialen adierazle nagusiak denbora errealean ikusteko aukera ematen duena, Power BI, Looker Studio edo Python bezalako tresnetan garatutako dashboard interaktiboen bidez. Hurrengoak barne hartzen ditu:<\/p>\n<ul>\n<li>Beharren eta datu-iturri erabilgarrien diagnostikoa.<\/li>\n<li>Aginte-mahaia pertsonalizatuak garapena.<\/li>\n<li>Ezarritako tresnak erabiltzeko prestakuntza.<\/li>\n<li>Mantentze-lanak eta etengabeko hobekuntza.<\/li>\n<\/ul>\n<p><strong>Prezio orientagarria:<\/strong>:<br \/>1.500 \u20ac-tik 6.000 \u20ac-ra + BEZa, proiektuaren irismenaren eta erabiltzaile-kopuruaren arabera.<\/p>\n<p>&nbsp;<\/p>\n<p><strong>b)\u00a0<\/strong><strong>Ezagutza Biltegiak eta Enpresa Memoria garatzea<\/strong><\/p>\n<p><strong><\/strong>RAGen (Retrieval Augmented Generation) oinarritutako plataforma digital pertsonalizatuak eta bilaketa adimenduneko sistemak diseinatu eta ezartzen ditugu, enpresei beren barneko edo jendaurreko dokumentazio guztia (eskuliburuak, txostenak, proiektuak, aktak, artikuluak edo datu egituratuak) erraz zentralizatzeko eta kontsultatzeko aukera ematen dietenak.<\/p>\n<p><strong>Soluzio ideala hurrengoetarako:<\/strong><\/p>\n<ul>\n<li>Berrikuntza, kalitate edo iraunkortasun sailak.<\/li>\n<li>Memoria korporatiboaren kudeaketa.<\/li>\n<li>Gardentasun edo sarbide irekiko proiektuak.<\/li>\n<\/ul>\n<p><strong>Barne:<\/strong><\/p>\n<ul>\n<li>Dagoen dokumentazioaren analisia eta egituraketa.<\/li>\n<li>Bilatzaile adimendun pertsonalizatuen garapena.<\/li>\n<li>Datu-baseekin integrazioa edo hodeian biltegiratzea.<\/li>\n<li>Prestakuntza eta euskarri teknikoa.<\/li>\n<\/ul>\n<p><strong>Prezio orientagarria:<br \/><\/strong>3.000 \u20ac-tik 8.000 \u20ac-ra + BEZa, eskatutako dokumentazio-bolumenaren eta funtzionaltasunen arabera.<\/p>\n<p>&nbsp;<\/p>\n<p>&nbsp;<\/p>\n<p><strong>Prozesuen Kudeaketa (I., II., III. eta IV. Segmentuak)<\/strong><\/p>\n<p><strong>Negozio-prozesuen automatizazioa<\/strong><\/p>\n<p>Ataza errepikakorrak automatizatzea ahalbidetzen duten neurrirako irtenbideak garatzea, hala nola datuen tratamendua, txostenak sortzea, plataformen arteko integrazioa (ERP, CRM, Sare Sozialak), eta lan-fluxu automatikoak sortzea. Hurengoak hartzen ditu barne:<\/p>\n<ul>\n<li>Automatiza daitezkeen prozesuen analisia.<\/li>\n<li>Script-ak eta aplikazioak garatzea eta abiaraztea.<\/li>\n<li>Automatizazioak behar bezala ustiatzeko prestakuntza.<\/li>\n<li>Euskarria eta mantentze-lanak.<\/li>\n<\/ul>\n<p><strong>Prezio orientagarria:<\/strong>:<br \/>1.800 \u20ac-tik 7.000 \u20ac-ra + BEZ, konplexutasunaren eta prozesu-kopuruaren arabera.<\/p>\n<p>&nbsp;<\/p>\n<p>&nbsp;<\/p>\n<p><strong>3. Bezeroen Kudeaketa<\/strong><\/p>\n<p data-start=\"972\" data-end=\"1053\"><strong data-start=\"1001\" data-end=\"1053\">CRM Adimenduna Bezeroen Leialtasuna Lortzeko<\/strong><\/p>\n<p data-start=\"1055\" data-end=\"1245\">Bezeroekiko harremanak kudeatzeko sistemak (CRM) garatzen ditugu, informazioa zentralizatzen dutenak eta bezeroekiko komunikazioa hobetzen dutenak. Hona hemen gure soluzioak:<\/p>\n<ul data-start=\"1247\" data-end=\"1409\">\n<li data-start=\"1247\" data-end=\"1283\">\n<p data-start=\"1249\" data-end=\"1283\">Bezeroen segmentazio aurreratua.<\/p>\n<\/li>\n<li data-start=\"1284\" data-end=\"1326\">\n<p data-start=\"1286\" data-end=\"1326\">Marketin-kanpainak automatizatzea.<\/p>\n<\/li>\n<li data-start=\"1327\" data-end=\"1369\">\n<p data-start=\"1329\" data-end=\"1369\">Komunikazio-kanalekin integratzea.<\/p>\n<\/li>\n<li data-start=\"1370\" data-end=\"1409\">\n<p data-start=\"1372\" data-end=\"1409\">Gogobetetzea eta atxikipena aztertzea.<\/p>\n<\/li>\n<\/ul>\n<p data-start=\"1411\" data-end=\"1512\"><strong data-start=\"1411\" data-end=\"1433\">Prezio orientagarria:<\/strong>:<br data-start=\"1434\" data-end=\"1437\" \/>1.800 \u20ac-tik 6.500 \u20ac-ra, eskatutako funtzionalitateen arabera.<\/p>\n<p>&nbsp;<\/p>\n<p>&nbsp;<\/p>\n<p><strong>4. <\/strong><strong data-start=\"278\" data-end=\"332\">Business Intelligence, Analitika eta Lotutako AA (IV. eta V. segmentuak)<\/strong><\/p>\n<p data-start=\"334\" data-end=\"409\"><strong data-start=\"363\" data-end=\"409\">Enpresa-Datuen Analisi Prediktiboa<\/strong><\/p>\n<p data-start=\"411\" data-end=\"692\">Datuak aztertzeko irtenbide aurreratuak inplementatzen ditugu, enpresek merkatuaren joerei, bezeroen portaerei eta barne-prozesuak optimizatzeari aurrea har diezaieten. Power BI eta ikasketa automatikoko ereduak bezalako tresnak erabiltzen ditugu:<\/p>\n<ul data-start=\"694\" data-end=\"846\">\n<li data-start=\"694\" data-end=\"730\">\n<p data-start=\"696\" data-end=\"730\">KPIen bistaratze interaktiboa.<\/p>\n<\/li>\n<li data-start=\"731\" data-end=\"768\">\n<p data-start=\"733\" data-end=\"768\">Iragartzeko eredu pertsonalizatuak.<\/p>\n<\/li>\n<li data-start=\"769\" data-end=\"814\">\n<p data-start=\"771\" data-end=\"814\">Hainbat datu-iturritako integrazioa.<\/p>\n<\/li>\n<li data-start=\"815\" data-end=\"846\">\n<p data-start=\"817\" data-end=\"846\">Etengabeko prestakuntza eta euskarria.<\/p>\n<\/li>\n<\/ul>\n<p data-start=\"848\" data-end=\"933\"><strong data-start=\"848\" data-end=\"870\">Prezio orientagarria:<\/strong>:<br data-start=\"871\" data-end=\"874\" \/>2.000 \u20ac-tik 7.000 \u20ac-ra, proiektuaren irismenaren arabera.<\/p>\n<p data-start=\"848\" data-end=\"933\"><strong><\/strong><\/p>\n<p data-start=\"848\" data-end=\"933\"><strong><\/strong><\/p>\n<p data-start=\"848\" data-end=\"933\"><strong><\/strong><\/p>\n<p data-start=\"848\" data-end=\"933\"><strong><\/strong><\/p>\n<p data-start=\"848\" data-end=\"933\"><strong>5. <\/strong><strong data-start=\"2118\" data-end=\"2160\">Lotutako AA duten Prozesuen Kudeaketa (IV. eta V. segmentuak)<\/strong><\/p>\n<p data-start=\"2162\" data-end=\"2247\"><strong data-start=\"2191\" data-end=\"2247\">Enpresa-Prozesuen Automatizazio Adimenduna<\/strong><\/p>\n<p data-start=\"2249\" data-end=\"2419\">Barne-prozesuak optimizatzen ditugu automatizazioaren eta ingurumen-eraginaren bidez, erroreak murriztuz eta eraginkortasun operatiboa handituz. Hona hemen gure konponbideak:<\/p>\n<ul data-start=\"2421\" data-end=\"2624\">\n<li data-start=\"2421\" data-end=\"2481\">\n<p data-start=\"2423\" data-end=\"2481\">Automatiza daitezkeen prozesuen analisia.<\/p>\n<\/li>\n<li data-start=\"2482\" data-end=\"2530\">\n<p data-start=\"2484\" data-end=\"2530\">Lan-fluxu automatizatuak garatzea.<\/p>\n<\/li>\n<li data-start=\"2531\" data-end=\"2580\">\n<p data-start=\"2533\" data-end=\"2580\">Lehendik dauden sistemekin integratzea (ERP, CRM).<\/p>\n<\/li>\n<li data-start=\"2581\" data-end=\"2624\">\n<p data-start=\"2583\" data-end=\"2624\">Monitorizazioa eta analisia denbora errealean.<\/p>\n<\/li>\n<\/ul>\n<p data-start=\"2626\" data-end=\"2733\"><strong data-start=\"2626\" data-end=\"2648\">Prezio orientagarria:<\/strong>:<br data-start=\"2649\" data-end=\"2652\" \/>2.200 \u20ac-tik 8.000 \u20ac-ra bitarte, prozesuen kopuruaren eta konplexutasunaren arabera.<\/p>\n<p data-start=\"848\" data-end=\"933\"><strong><\/strong><\/p>\n<p data-start=\"848\" data-end=\"933\"><strong><\/strong><\/p>\n<p data-start=\"848\" data-end=\"933\"><strong><\/strong><\/p>\n<p data-start=\"848\" data-end=\"933\"><strong><\/strong><\/p>\n<p data-start=\"848\" data-end=\"933\"><strong>6. L<\/strong><strong data-start=\"1523\" data-end=\"1565\">otutako IA duten Bezeroen Kudeaketa (IV. eta V. segmentuak)<\/strong><\/p>\n<p data-start=\"1567\" data-end=\"1639\"><strong data-start=\"1596\" data-end=\"1639\">Bezeroarentzako Arreta Automatizatua AArekin<\/strong><\/p>\n<p data-start=\"1641\" data-end=\"1821\">Laguntzaile birtualak eta AAn oinarritutako chatbot agentizatuak inplementatzen ditugu, bezeroaren esperientzia hobetzeko eta giza baliabideak optimizatzeko. Ezaugarri nagusiak:<\/p>\n<ul data-start=\"1823\" data-end=\"2008\">\n<li data-start=\"1823\" data-end=\"1871\">\n<p data-start=\"1825\" data-end=\"1871\">Ohiko kontsulten erantzun automatikoak.<\/p>\n<\/li>\n<li data-start=\"1872\" data-end=\"1914\">\n<p data-start=\"1874\" data-end=\"1914\">Lehendik dauden CRM sistemekin integratzea.<\/p>\n<\/li>\n<li data-start=\"1915\" data-end=\"1964\">\n<p data-start=\"1917\" data-end=\"1964\">Etengabeko hobekuntzarako elkarrekintzak aztertzea.<\/p>\n<\/li>\n<li data-start=\"1965\" data-end=\"2008\">\n<p data-start=\"1967\" data-end=\"2008\">24\/7 erabilgarritasuna hainbat kanaletan.<\/p>\n<\/li>\n<\/ul>\n<p data-start=\"2010\" data-end=\"2107\"><strong data-start=\"2010\" data-end=\"2032\">Prezio orientagarria:<\/strong>:<br data-start=\"2033\" data-end=\"2036\" \/>3.500 \u20ac-tik 8.000 \u20ac-ra bitarte, konplexutasunaren eta kanal integratuen arabera.<\/p>\n<p>&nbsp;<\/p>\n<p>&nbsp;<\/p>\n<p>&nbsp;<\/p>\n<p><strong>Zergatik aukeratu EUDAN?<\/strong><\/p>\n<p><strong><\/strong><\/p>\n<ul>\n<li><strong>Datuetan, automatizazioan eta adimen artifizialean oinarritutako soluzioetan espezialistak<\/strong>: Esperientzia frogatua dugu gobernuekin, unibertsitateekin eta enpresekin egindako proiektuetan.<\/li>\n<li><strong>Neurrirako soluzioak<\/strong>: Soluzio bakoitza bezero bakoitzaren benetako beharretara egokitzen dugu.<\/li>\n<li><strong>Ikuspegi praktikoa eta emaitzetara bideratua<\/strong>: Gure garapenek inpaktua eta erabiltzeko erraztasuna lehenesten dituzte.<\/li>\n<li><strong>Laguntza osoa<\/strong>: Diagnostikotik hasi eta inplementazio eta prestakuntzaraino.<\/li>\n<\/ul>\n<p>[\/et_pb_text][et_pb_cta title=\u00bb\u00bfQuieres saber m\u00e1s? Hablemos.\u00bb button_text=\u00bbClics\u00bb _builder_version=\u00bb4.27.4&#8243; _module_preset=\u00bbdefault\u00bb header_text_color=\u00bb#9cdce2&#8243; body_text_color=\u00bb#000000&#8243; background_color=\u00bb#FFFFFF\u00bb global_colors_info=\u00bb{}\u00bb button_text__hover_enabled=\u00bbon|hover\u00bb button_text__hover=\u00bbClics\u00bb]<\/p>\n<p>&nbsp;<\/p>\n<p>Idatz iezaguzu mezu elektroniko bat info @ eudan.eus helbidera.<\/p>\n<p>Pozik ikusiko dugu zer egin dezakegun zugatik.<\/p>\n<p>[\/et_pb_cta][\/et_pb_column][et_pb_column type=\u00bb1_4&#8243; _builder_version=\u00bb4.24.3&#8243; _module_preset=\u00bbdefault\u00bb global_colors_info=\u00bb{}\u00bb][\/et_pb_column][\/et_pb_row][\/et_pb_section]<\/p>","protected":false},"excerpt":{"rendered":"<p>Kit Digital | EUDANSoluciones de Digitalizaci\u00f3n de EUDAN | Programa Kit Digital \u00bfQu\u00e9 es el Programa Kit Digital? En EUDAN, como Agente Digitalizador Adherido al Programa Kit Digital, ponemos a disposici\u00f3n de las peque\u00f1as empresas, microempresas y aut\u00f3nomos nuestras soluciones tecnol\u00f3gicas para impulsar su digitalizaci\u00f3n. Esta iniciativa est\u00e1 financiada por los Fondos Europeos \u201cNext Generation [&hellip;]<\/p>","protected":false},"author":3,"featured_media":0,"parent":0,"menu_order":0,"comment_status":"closed","ping_status":"closed","template":"","meta":{"_et_pb_use_builder":"on","_et_pb_old_content":"","_et_gb_content_width":"","footnotes":""},"class_list":["post-746","page","type-page","status-publish","hentry"],"yoast_head":"<!-- This site is optimized with the Yoast SEO plugin v24.2 - https:\/\/yoast.com\/wordpress\/plugins\/seo\/ -->\n<title>Kit Digital | Eudan<\/title>\n<meta name=\"description\" content=\"EUDAN, Agente Digitalizador del Kit Digital, te ayuda a digitalizar tu negocio con soluciones en anal\u00edtica, automatizaci\u00f3n, IA y gesti\u00f3n documental.\" \/>\n<meta name=\"robots\" content=\"index, follow, max-snippet:-1, max-image-preview:large, max-video-preview:-1\" \/>\n<link rel=\"canonical\" href=\"https:\/\/eudan.eus\/eu\/kit-digital\/\" \/>\n<meta property=\"og:locale\" content=\"en_US\" \/>\n<meta property=\"og:type\" content=\"article\" \/>\n<meta property=\"og:title\" content=\"Kit Digital | Eudan\" \/>\n<meta property=\"og:description\" content=\"EUDAN, Agente Digitalizador del Kit Digital, te ayuda a digitalizar tu negocio con soluciones en anal\u00edtica, automatizaci\u00f3n, IA y gesti\u00f3n documental.\" \/>\n<meta property=\"og:url\" content=\"https:\/\/eudan.eus\/eu\/kit-digital\/\" \/>\n<meta property=\"og:site_name\" content=\"Empresa An\u00e1lisis de Datos | Eudan\" \/>\n<meta property=\"article:modified_time\" content=\"2025-05-13T13:31:11+00:00\" \/>\n<meta name=\"twitter:card\" content=\"summary_large_image\" \/>\n<meta name=\"twitter:label1\" content=\"Est. reading time\" \/>\n\t<meta name=\"twitter:data1\" content=\"3 minutua\" \/>\n<script type=\"application\/ld+json\" class=\"yoast-schema-graph\">{\"@context\":\"https:\/\/schema.org\",\"@graph\":[{\"@type\":\"WebPage\",\"@id\":\"https:\/\/eudan.eus\/kit-digital\/\",\"url\":\"https:\/\/eudan.eus\/kit-digital\/\",\"name\":\"Kit Digital | Eudan\",\"isPartOf\":{\"@id\":\"https:\/\/eudan.eus\/#website\"},\"datePublished\":\"2025-05-12T09:21:02+00:00\",\"dateModified\":\"2025-05-13T13:31:11+00:00\",\"description\":\"EUDAN, Agente Digitalizador del Kit Digital, te ayuda a digitalizar tu negocio con soluciones en anal\u00edtica, automatizaci\u00f3n, IA y gesti\u00f3n documental.\",\"breadcrumb\":{\"@id\":\"https:\/\/eudan.eus\/kit-digital\/#breadcrumb\"},\"inLanguage\":\"eu\",\"potentialAction\":[{\"@type\":\"ReadAction\",\"target\":[\"https:\/\/eudan.eus\/kit-digital\/\"]}]},{\"@type\":\"BreadcrumbList\",\"@id\":\"https:\/\/eudan.eus\/kit-digital\/#breadcrumb\",\"itemListElement\":[{\"@type\":\"ListItem\",\"position\":1,\"name\":\"Home\",\"item\":\"https:\/\/eudan.eus\/\"},{\"@type\":\"ListItem\",\"position\":2,\"name\":\"Kit Digital\"}]},{\"@type\":\"WebSite\",\"@id\":\"https:\/\/eudan.eus\/#website\",\"url\":\"https:\/\/eudan.eus\/\",\"name\":\"Empresa An\u00e1lisis de Datos | Eudan\",\"description\":\"Las empresas que toman mejores decisiones y aprovechan m\u00e1s oportunidades: c\u00f3mo lo hacen. Desc\u00fabrelo aqu\u00ed. Somos una Empresa especializada en An\u00e1lisis de Datos\",\"publisher\":{\"@id\":\"https:\/\/eudan.eus\/#organization\"},\"potentialAction\":[{\"@type\":\"SearchAction\",\"target\":{\"@type\":\"EntryPoint\",\"urlTemplate\":\"https:\/\/eudan.eus\/?s={search_term_string}\"},\"query-input\":{\"@type\":\"PropertyValueSpecification\",\"valueRequired\":true,\"valueName\":\"search_term_string\"}}],\"inLanguage\":\"eu\"},{\"@type\":\"Organization\",\"@id\":\"https:\/\/eudan.eus\/#organization\",\"name\":\"Empresa An\u00e1lisis de Datos | Eudan\",\"url\":\"https:\/\/eudan.eus\/\",\"logo\":{\"@type\":\"ImageObject\",\"inLanguage\":\"eu\",\"@id\":\"https:\/\/eudan.eus\/#\/schema\/logo\/image\/\",\"url\":\"https:\/\/eudan.eus\/wp-content\/uploads\/2024\/04\/eudan-horizontal-tagline-baja-.png\",\"contentUrl\":\"https:\/\/eudan.eus\/wp-content\/uploads\/2024\/04\/eudan-horizontal-tagline-baja-.png\",\"width\":1366,\"height\":768,\"caption\":\"Empresa An\u00e1lisis de Datos | Eudan\"},\"image\":{\"@id\":\"https:\/\/eudan.eus\/#\/schema\/logo\/image\/\"}}]}<\/script>\n<!-- \/ Yoast SEO plugin. -->","yoast_head_json":{"title":"Kit Digital | Eudan","description":"EUDAN, Agente Digitalizador del Kit Digital, te ayuda a digitalizar tu negocio con soluciones en anal\u00edtica, automatizaci\u00f3n, IA y gesti\u00f3n documental.","robots":{"index":"index","follow":"follow","max-snippet":"max-snippet:-1","max-image-preview":"max-image-preview:large","max-video-preview":"max-video-preview:-1"},"canonical":"https:\/\/eudan.eus\/eu\/kit-digital\/","og_locale":"en_US","og_type":"article","og_title":"Kit Digital | Eudan","og_description":"EUDAN, Agente Digitalizador del Kit Digital, te ayuda a digitalizar tu negocio con soluciones en anal\u00edtica, automatizaci\u00f3n, IA y gesti\u00f3n documental.","og_url":"https:\/\/eudan.eus\/eu\/kit-digital\/","og_site_name":"Empresa An\u00e1lisis de Datos | Eudan","article_modified_time":"2025-05-13T13:31:11+00:00","twitter_card":"summary_large_image","twitter_misc":{"Est. reading time":"3 minutua"},"schema":{"@context":"https:\/\/schema.org","@graph":[{"@type":"WebPage","@id":"https:\/\/eudan.eus\/kit-digital\/","url":"https:\/\/eudan.eus\/kit-digital\/","name":"Kit Digital | Eudan","isPartOf":{"@id":"https:\/\/eudan.eus\/#website"},"datePublished":"2025-05-12T09:21:02+00:00","dateModified":"2025-05-13T13:31:11+00:00","description":"EUDAN, Agente Digitalizador del Kit Digital, te ayuda a digitalizar tu negocio con soluciones en anal\u00edtica, automatizaci\u00f3n, IA y gesti\u00f3n documental.","breadcrumb":{"@id":"https:\/\/eudan.eus\/kit-digital\/#breadcrumb"},"inLanguage":"eu","potentialAction":[{"@type":"ReadAction","target":["https:\/\/eudan.eus\/kit-digital\/"]}]},{"@type":"BreadcrumbList","@id":"https:\/\/eudan.eus\/kit-digital\/#breadcrumb","itemListElement":[{"@type":"ListItem","position":1,"name":"Home","item":"https:\/\/eudan.eus\/"},{"@type":"ListItem","position":2,"name":"Kit Digital"}]},{"@type":"WebSite","@id":"https:\/\/eudan.eus\/#website","url":"https:\/\/eudan.eus\/","name":"Empresa An\u00e1lisis de Datos | Eudan","description":"Las empresas que toman mejores decisiones y aprovechan m\u00e1s oportunidades: c\u00f3mo lo hacen. Desc\u00fabrelo aqu\u00ed. Somos una Empresa especializada en An\u00e1lisis de Datos","publisher":{"@id":"https:\/\/eudan.eus\/#organization"},"potentialAction":[{"@type":"SearchAction","target":{"@type":"EntryPoint","urlTemplate":"https:\/\/eudan.eus\/?s={search_term_string}"},"query-input":{"@type":"PropertyValueSpecification","valueRequired":true,"valueName":"search_term_string"}}],"inLanguage":"eu"},{"@type":"Organization","@id":"https:\/\/eudan.eus\/#organization","name":"Empresa An\u00e1lisis de Datos | Eudan","url":"https:\/\/eudan.eus\/","logo":{"@type":"ImageObject","inLanguage":"eu","@id":"https:\/\/eudan.eus\/#\/schema\/logo\/image\/","url":"https:\/\/eudan.eus\/wp-content\/uploads\/2024\/04\/eudan-horizontal-tagline-baja-.png","contentUrl":"https:\/\/eudan.eus\/wp-content\/uploads\/2024\/04\/eudan-horizontal-tagline-baja-.png","width":1366,"height":768,"caption":"Empresa An\u00e1lisis de Datos | Eudan"},"image":{"@id":"https:\/\/eudan.eus\/#\/schema\/logo\/image\/"}}]}},"_links":{"self":[{"href":"https:\/\/eudan.eus\/eu\/wp-json\/wp\/v2\/pages\/746","targetHints":{"allow":["GET"]}}],"collection":[{"href":"https:\/\/eudan.eus\/eu\/wp-json\/wp\/v2\/pages"}],"about":[{"href":"https:\/\/eudan.eus\/eu\/wp-json\/wp\/v2\/types\/page"}],"author":[{"embeddable":true,"href":"https:\/\/eudan.eus\/eu\/wp-json\/wp\/v2\/users\/3"}],"replies":[{"embeddable":true,"href":"https:\/\/eudan.eus\/eu\/wp-json\/wp\/v2\/comments?post=746"}],"version-history":[{"count":11,"href":"https:\/\/eudan.eus\/eu\/wp-json\/wp\/v2\/pages\/746\/revisions"}],"predecessor-version":[{"id":788,"href":"https:\/\/eudan.eus\/eu\/wp-json\/wp\/v2\/pages\/746\/revisions\/788"}],"wp:attachment":[{"href":"https:\/\/eudan.eus\/eu\/wp-json\/wp\/v2\/media?parent=746"}],"curies":[{"name":"wp","href":"https:\/\/api.w.org\/{rel}","templated":true}]}}