{"id":404,"date":"2024-04-16T11:01:34","date_gmt":"2024-04-16T09:01:34","guid":{"rendered":"https:\/\/eudan.eus\/?page_id=404"},"modified":"2024-10-08T10:16:40","modified_gmt":"2024-10-08T08:16:40","slug":"politica-de-privacidad","status":"publish","type":"page","link":"https:\/\/eudan.eus\/eu\/politica-de-privacidad\/","title":{"rendered":"Pribatutasun Politika"},"content":{"rendered":"<p>[et_pb_section fb_built=\u00bb1&#8243; _builder_version=\u00bb4.24.3&#8243; _module_preset=\u00bbdefault\u00bb custom_padding=\u00bb||150px|||\u00bb global_colors_info=\u00bb{}\u00bb][et_pb_row column_structure=\u00bb3_4,1_4&#8243; _builder_version=\u00bb4.24.3&#8243; _module_preset=\u00bbdefault\u00bb global_colors_info=\u00bb{}\u00bb][et_pb_column type=\u00bb3_4&#8243; _builder_version=\u00bb4.24.3&#8243; _module_preset=\u00bbdefault\u00bb global_colors_info=\u00bb{}\u00bb][et_pb_text _builder_version=\u00bb4.24.3&#8243; _module_preset=\u00bbdefault\u00bb global_colors_info=\u00bb{}\u00bb]<\/p>\n<h1>Pribatutasun Politika<\/h1>\n<p>[\/et_pb_text][et_pb_text _builder_version=\u00bb4.25.2&#8243; _module_preset=\u00bbdefault\u00bb text_font=\u00bb|300|||||||\u00bb hover_enabled=\u00bb0&#8243; global_colors_info=\u00bb{}\u00bb sticky_enabled=\u00bb0&#8243;]<\/p>\n<p>Pribatutasun politika honen helburua EUDAN Koop. Elk. Txikia (aurrerantzean, \u00abEUDAN\u00bb) enpresaren eudan.eus (aurrerantzean, \u00abwebgunea\u00bb) webguneko erabiltzaileei bertan bildutako datu pertsonalen tratamenduari buruz informatzea da.<\/p>\n<p><strong>Tratamenduaren arduradunaren datuak:<\/strong><\/p>\n<ul>\n<li>Izena: EUDAN Koop. Elk. Txikia<\/li>\n<li>CIF: F10924108<\/li>\n<li>Correo electr\u00f3nico: info @ eudan.eus<\/li>\n<\/ul>\n<p><strong>\u00a0<\/strong><\/p>\n<p><strong>Zer datu pertsonal biltzen dira eta zein helbururekin?<\/strong><\/p>\n<p>EUDANek webguneko erabiltzaileen datuak biltzen ditu enpresaren zerbitzuak ezagutzera emateko eta etorkizuneko bezeroekin harremanetan jartzeko bitartekoa errazteko. Horretarako, honako datu hauek bil daitezke:<\/p>\n<ul>\n<li>Harremanetarako formularioaren bidez erabiltzaileek ematen dituzten datu pertsonalak, hala nola izena, posta elektronikoa eta mezua.<\/li>\n<\/ul>\n<p><strong>\u00a0<\/strong><\/p>\n<p><strong>Nola tratatzen dira datu pertsonalak?<\/strong><\/p>\n<p>Webgunearen bidez bildutako datu pertsonalak konfidentzialtasunez tratatuko dira eta aurreko atalean adierazitako helburuetarako soilik erabiliko dira. Etorkizuneko bezeroen datuak ez zaizkie hirugarrenei partekatuko, legezko betebeharra izan ezik.<\/p>\n<p>Webguneko trafiko-datuak, berriz, EUDANen produktuak hobetzeko soilik erabiliko dira eta ez zaizkie hirugarrenei lagako. Harremanetarako formularioan bildutako datu pertsonalak etorkizuneko bezeroekin harremanetan jartzeko soilik erabiliko dira.<\/p>\n<p><strong>\u00a0<\/strong><\/p>\n<p><strong>Zenbat denboran gordetzen dira datu pertsonalak?<\/strong><\/p>\n<p>Webgunearen bidez bildutako datu pertsonalak gordeko dira bildu ziren helburuak betetzeko beharrezkoa den denboran zehar. Helburu horiek bete ondoren, datuak ezabatuko dira.<\/p>\n<p><strong>\u00a0<\/strong><\/p>\n<p><strong>Nola babesten dira datu pertsonalak?<\/strong><\/p>\n<p>EUDANek beharrezko segurtasun-neurriak hartu ditu webgunearen bidez bildutako datu pertsonalen konfidentzialtasuna eta osotasuna bermatzeko, haien aldaketa, galera, tratamendu edo baimenik gabeko sarbidea saihestuz.<\/p>\n<p><strong>\u00a0<\/strong><\/p>\n<p><strong>Zein eskubide dituzte erabiltzaileek euren datu pertsonalen gainean?<\/strong><\/p>\n<p>Webguneko erabiltzaileek eskubidea dute euren datu pertsonaletarako sarbidea eskatzeko, haiek zuzentzeko edo ezabatzeko, haien tratamendua mugatzeko, tratamenduari aurka egiteko eta datuak eramateko, datuen babesari buruzko araudiak aurreikusitako baldintzetan.<\/p>\n<p>Eskubide horiek gauzatzeko, erabiltzaileak posta elektroniko bat bidal dezake \u00abHarremana\u00bb atalean adierazitako helbidera.<\/p>\n<p><strong>Jurisdikzioa eta aplikatu beharreko legea:<\/strong><\/p>\n<p>Pribatutasun politika hau Espainiako legeria arautzen du. Webgunearen sarbide edo erabileratik sor daitekeen edozein eztabaida konpontzeko, aldeek Gasteizko epaitegi eta auzitegien mende jartzea adosten dute, dagokien beste edozein foruri uko eginez.<\/p>\n<p><strong>Azken eguneratzea:<\/strong><\/p>\n<p>Pribatutasun politika hau azken aldiz eguneratu zen 2025-04-19an.<\/p>\n<p>&nbsp;<\/p>\n<p>[\/et_pb_text][\/et_pb_column][et_pb_column type=\u00bb1_4&#8243; _builder_version=\u00bb4.24.3&#8243; _module_preset=\u00bbdefault\u00bb global_colors_info=\u00bb{}\u00bb][\/et_pb_column][\/et_pb_row][\/et_pb_section]<\/p>","protected":false},"excerpt":{"rendered":"<p>Pol\u00edtica de PrivacidadLa presente pol\u00edtica de privacidad tiene por objeto informar a los usuarios de la web eudan.eus (en adelante, la \u00abweb\u00bb) de la empresa EUDAN Koop. Elk. Txikia (en adelante, \u00abEUDAN\u00bb), acerca del tratamiento de los datos personales que se recopilan a trav\u00e9s de la misma. Datos del responsable del tratamiento: Nombre: EUDAN Koop. [&hellip;]<\/p>","protected":false},"author":2,"featured_media":0,"parent":0,"menu_order":0,"comment_status":"closed","ping_status":"closed","template":"","meta":{"_et_pb_use_builder":"on","_et_pb_old_content":"","_et_gb_content_width":"","footnotes":""},"class_list":["post-404","page","type-page","status-publish","hentry"],"yoast_head":"<!-- This site is optimized with the Yoast SEO plugin v24.2 - https:\/\/yoast.com\/wordpress\/plugins\/seo\/ -->\n<title>Pol\u00edtica de Privacidad | Eudan<\/title>\n<meta name=\"description\" content=\"Descubre c\u00f3mo en Eudan, como empresa de an\u00e1lisis de datos, protegemos tu informaci\u00f3n personal. Inf\u00f3rmate sobre nuestra Pol\u00edtica de Privacidad aqu\u00ed.\" \/>\n<meta name=\"robots\" content=\"noindex, nofollow\" \/>\n<meta property=\"og:locale\" content=\"en_US\" \/>\n<meta property=\"og:type\" content=\"article\" \/>\n<meta property=\"og:title\" content=\"Pol\u00edtica de Privacidad | Eudan\" \/>\n<meta property=\"og:description\" content=\"Descubre c\u00f3mo en Eudan, como empresa de an\u00e1lisis de datos, protegemos tu informaci\u00f3n personal. Inf\u00f3rmate sobre nuestra Pol\u00edtica de Privacidad aqu\u00ed.\" \/>\n<meta property=\"og:url\" content=\"https:\/\/eudan.eus\/eu\/politica-de-privacidad\/\" \/>\n<meta property=\"og:site_name\" content=\"Empresa An\u00e1lisis de Datos | Eudan\" \/>\n<meta property=\"article:modified_time\" content=\"2024-10-08T08:16:40+00:00\" \/>\n<meta name=\"twitter:card\" content=\"summary_large_image\" \/>\n<meta name=\"twitter:title\" content=\"Pol\u00edtica de Privacidad | Eudan\" \/>\n<meta name=\"twitter:description\" content=\"Descubre c\u00f3mo en Eudan, como empresa de an\u00e1lisis de datos, protegemos tu informaci\u00f3n personal. Inf\u00f3rmate sobre nuestra Pol\u00edtica de Privacidad aqu\u00ed.\" \/>\n<meta name=\"twitter:label1\" content=\"Est. reading time\" \/>\n\t<meta name=\"twitter:data1\" content=\"3 minutua\" \/>\n<script type=\"application\/ld+json\" class=\"yoast-schema-graph\">{\"@context\":\"https:\/\/schema.org\",\"@graph\":[{\"@type\":\"WebPage\",\"@id\":\"https:\/\/eudan.eus\/politica-de-privacidad\/\",\"url\":\"https:\/\/eudan.eus\/politica-de-privacidad\/\",\"name\":\"Pol\u00edtica de Privacidad | Eudan\",\"isPartOf\":{\"@id\":\"https:\/\/eudan.eus\/#website\"},\"datePublished\":\"2024-04-16T09:01:34+00:00\",\"dateModified\":\"2024-10-08T08:16:40+00:00\",\"description\":\"Descubre c\u00f3mo en Eudan, como empresa de an\u00e1lisis de datos, protegemos tu informaci\u00f3n personal. Inf\u00f3rmate sobre nuestra Pol\u00edtica de Privacidad aqu\u00ed.\",\"breadcrumb\":{\"@id\":\"https:\/\/eudan.eus\/politica-de-privacidad\/#breadcrumb\"},\"inLanguage\":\"eu\",\"potentialAction\":[{\"@type\":\"ReadAction\",\"target\":[\"https:\/\/eudan.eus\/politica-de-privacidad\/\"]}]},{\"@type\":\"BreadcrumbList\",\"@id\":\"https:\/\/eudan.eus\/politica-de-privacidad\/#breadcrumb\",\"itemListElement\":[{\"@type\":\"ListItem\",\"position\":1,\"name\":\"Home\",\"item\":\"https:\/\/eudan.eus\/\"},{\"@type\":\"ListItem\",\"position\":2,\"name\":\"Pol\u00edtica de Privacidad\"}]},{\"@type\":\"WebSite\",\"@id\":\"https:\/\/eudan.eus\/#website\",\"url\":\"https:\/\/eudan.eus\/\",\"name\":\"Empresa An\u00e1lisis de Datos | Eudan\",\"description\":\"Las empresas que toman mejores decisiones y aprovechan m\u00e1s oportunidades: c\u00f3mo lo hacen. Desc\u00fabrelo aqu\u00ed. Somos una Empresa especializada en An\u00e1lisis de Datos\",\"publisher\":{\"@id\":\"https:\/\/eudan.eus\/#organization\"},\"potentialAction\":[{\"@type\":\"SearchAction\",\"target\":{\"@type\":\"EntryPoint\",\"urlTemplate\":\"https:\/\/eudan.eus\/?s={search_term_string}\"},\"query-input\":{\"@type\":\"PropertyValueSpecification\",\"valueRequired\":true,\"valueName\":\"search_term_string\"}}],\"inLanguage\":\"eu\"},{\"@type\":\"Organization\",\"@id\":\"https:\/\/eudan.eus\/#organization\",\"name\":\"Empresa An\u00e1lisis de Datos | Eudan\",\"url\":\"https:\/\/eudan.eus\/\",\"logo\":{\"@type\":\"ImageObject\",\"inLanguage\":\"eu\",\"@id\":\"https:\/\/eudan.eus\/#\/schema\/logo\/image\/\",\"url\":\"https:\/\/eudan.eus\/wp-content\/uploads\/2024\/04\/eudan-horizontal-tagline-baja-.png\",\"contentUrl\":\"https:\/\/eudan.eus\/wp-content\/uploads\/2024\/04\/eudan-horizontal-tagline-baja-.png\",\"width\":1366,\"height\":768,\"caption\":\"Empresa An\u00e1lisis de Datos | Eudan\"},\"image\":{\"@id\":\"https:\/\/eudan.eus\/#\/schema\/logo\/image\/\"}}]}<\/script>\n<!-- \/ Yoast SEO plugin. -->","yoast_head_json":{"title":"Pol\u00edtica de Privacidad | Eudan","description":"Descubre c\u00f3mo en Eudan, como empresa de an\u00e1lisis de datos, protegemos tu informaci\u00f3n personal. Inf\u00f3rmate sobre nuestra Pol\u00edtica de Privacidad aqu\u00ed.","robots":{"index":"noindex","follow":"nofollow"},"og_locale":"en_US","og_type":"article","og_title":"Pol\u00edtica de Privacidad | Eudan","og_description":"Descubre c\u00f3mo en Eudan, como empresa de an\u00e1lisis de datos, protegemos tu informaci\u00f3n personal. Inf\u00f3rmate sobre nuestra Pol\u00edtica de Privacidad aqu\u00ed.","og_url":"https:\/\/eudan.eus\/eu\/politica-de-privacidad\/","og_site_name":"Empresa An\u00e1lisis de Datos | Eudan","article_modified_time":"2024-10-08T08:16:40+00:00","twitter_card":"summary_large_image","twitter_title":"Pol\u00edtica de Privacidad | Eudan","twitter_description":"Descubre c\u00f3mo en Eudan, como empresa de an\u00e1lisis de datos, protegemos tu informaci\u00f3n personal. Inf\u00f3rmate sobre nuestra Pol\u00edtica de Privacidad aqu\u00ed.","twitter_misc":{"Est. reading time":"3 minutua"},"schema":{"@context":"https:\/\/schema.org","@graph":[{"@type":"WebPage","@id":"https:\/\/eudan.eus\/politica-de-privacidad\/","url":"https:\/\/eudan.eus\/politica-de-privacidad\/","name":"Pol\u00edtica de Privacidad | Eudan","isPartOf":{"@id":"https:\/\/eudan.eus\/#website"},"datePublished":"2024-04-16T09:01:34+00:00","dateModified":"2024-10-08T08:16:40+00:00","description":"Descubre c\u00f3mo en Eudan, como empresa de an\u00e1lisis de datos, protegemos tu informaci\u00f3n personal. Inf\u00f3rmate sobre nuestra Pol\u00edtica de Privacidad aqu\u00ed.","breadcrumb":{"@id":"https:\/\/eudan.eus\/politica-de-privacidad\/#breadcrumb"},"inLanguage":"eu","potentialAction":[{"@type":"ReadAction","target":["https:\/\/eudan.eus\/politica-de-privacidad\/"]}]},{"@type":"BreadcrumbList","@id":"https:\/\/eudan.eus\/politica-de-privacidad\/#breadcrumb","itemListElement":[{"@type":"ListItem","position":1,"name":"Home","item":"https:\/\/eudan.eus\/"},{"@type":"ListItem","position":2,"name":"Pol\u00edtica de Privacidad"}]},{"@type":"WebSite","@id":"https:\/\/eudan.eus\/#website","url":"https:\/\/eudan.eus\/","name":"Empresa An\u00e1lisis de Datos | Eudan","description":"Las empresas que toman mejores decisiones y aprovechan m\u00e1s oportunidades: c\u00f3mo lo hacen. Desc\u00fabrelo aqu\u00ed. Somos una Empresa especializada en An\u00e1lisis de Datos","publisher":{"@id":"https:\/\/eudan.eus\/#organization"},"potentialAction":[{"@type":"SearchAction","target":{"@type":"EntryPoint","urlTemplate":"https:\/\/eudan.eus\/?s={search_term_string}"},"query-input":{"@type":"PropertyValueSpecification","valueRequired":true,"valueName":"search_term_string"}}],"inLanguage":"eu"},{"@type":"Organization","@id":"https:\/\/eudan.eus\/#organization","name":"Empresa An\u00e1lisis de Datos | Eudan","url":"https:\/\/eudan.eus\/","logo":{"@type":"ImageObject","inLanguage":"eu","@id":"https:\/\/eudan.eus\/#\/schema\/logo\/image\/","url":"https:\/\/eudan.eus\/wp-content\/uploads\/2024\/04\/eudan-horizontal-tagline-baja-.png","contentUrl":"https:\/\/eudan.eus\/wp-content\/uploads\/2024\/04\/eudan-horizontal-tagline-baja-.png","width":1366,"height":768,"caption":"Empresa An\u00e1lisis de Datos | Eudan"},"image":{"@id":"https:\/\/eudan.eus\/#\/schema\/logo\/image\/"}}]}},"_links":{"self":[{"href":"https:\/\/eudan.eus\/eu\/wp-json\/wp\/v2\/pages\/404","targetHints":{"allow":["GET"]}}],"collection":[{"href":"https:\/\/eudan.eus\/eu\/wp-json\/wp\/v2\/pages"}],"about":[{"href":"https:\/\/eudan.eus\/eu\/wp-json\/wp\/v2\/types\/page"}],"author":[{"embeddable":true,"href":"https:\/\/eudan.eus\/eu\/wp-json\/wp\/v2\/users\/2"}],"replies":[{"embeddable":true,"href":"https:\/\/eudan.eus\/eu\/wp-json\/wp\/v2\/comments?post=404"}],"version-history":[{"count":6,"href":"https:\/\/eudan.eus\/eu\/wp-json\/wp\/v2\/pages\/404\/revisions"}],"predecessor-version":[{"id":640,"href":"https:\/\/eudan.eus\/eu\/wp-json\/wp\/v2\/pages\/404\/revisions\/640"}],"wp:attachment":[{"href":"https:\/\/eudan.eus\/eu\/wp-json\/wp\/v2\/media?parent=404"}],"curies":[{"name":"wp","href":"https:\/\/api.w.org\/{rel}","templated":true}]}}