{"id":404,"date":"2024-04-16T11:01:34","date_gmt":"2024-04-16T09:01:34","guid":{"rendered":"https:\/\/eudan.eus\/?page_id=404"},"modified":"2024-10-08T10:16:40","modified_gmt":"2024-10-08T08:16:40","slug":"politica-de-privacidad","status":"publish","type":"page","link":"https:\/\/eudan.eus\/en\/politica-de-privacidad\/","title":{"rendered":"Privacy Policy"},"content":{"rendered":"<p>[et_pb_section fb_built=\u00bb1&#8243; _builder_version=\u00bb4.24.3&#8243; _module_preset=\u00bbdefault\u00bb custom_padding=\u00bb||150px|||\u00bb global_colors_info=\u00bb{}\u00bb][et_pb_row column_structure=\u00bb3_4,1_4&#8243; _builder_version=\u00bb4.24.3&#8243; _module_preset=\u00bbdefault\u00bb global_colors_info=\u00bb{}\u00bb][et_pb_column type=\u00bb3_4&#8243; _builder_version=\u00bb4.24.3&#8243; _module_preset=\u00bbdefault\u00bb global_colors_info=\u00bb{}\u00bb][et_pb_text _builder_version=\u00bb4.24.3&#8243; _module_preset=\u00bbdefault\u00bb global_colors_info=\u00bb{}\u00bb]<\/p>\n<h1>Privacy Policy<\/h1>\n<p>[\/et_pb_text][et_pb_text _builder_version=\u00bb4.25.2&#8243; _module_preset=\u00bbdefault\u00bb text_font=\u00bb|300|||||||\u00bb hover_enabled=\u00bb0&#8243; global_colors_info=\u00bb{}\u00bb sticky_enabled=\u00bb0&#8243;]<\/p>\n<p>This privacy policy aims to inform the users of the website eudan.eus (hereinafter, the \"website\") of the company EUDAN Koop. Elk. Txikia (hereinafter, \"EUDAN\"), about the processing of personal data collected through it.<\/p>\n<p><strong>Data of the data controller:<\/strong><\/p>\n<ul>\n<li>Name: EUDAN Koop. Elk. Txikia<\/li>\n<li>Tax ID: F10924108<\/li>\n<li>Correo electr\u00f3nico: info @ eudan.eus<\/li>\n<\/ul>\n<p><strong>\u00a0<\/strong><\/p>\n<p><strong>What personal data is collected and for what purpose?<\/strong><\/p>\n<p>EUDAN collects data from users of the website in order to publicize the company's services and provide a means of contact to potential clients. For this purpose, the following data may be collected:<\/p>\n<ul>\n<li>Personal data provided by users through the contact form, such as name, email, and message.<\/li>\n<\/ul>\n<p><strong>\u00a0<\/strong><\/p>\n<p><strong>How is personal data processed?<\/strong><\/p>\n<p>Personal data collected through the website will be treated confidentially and used exclusively for the purposes indicated in the previous section. Potential client data will not be shared with third parties, except as required by law.<\/p>\n<p>In the case of web traffic data, it will only be used to improve EUDAN's own products and will never be transferred to third parties. Personal data collected through the contact form will be used exclusively to contact potential clients.<\/p>\n<p><strong>\u00a0<\/strong><\/p>\n<p><strong>How long is personal data retained?<\/strong><\/p>\n<p>Personal data collected through the website will be retained for as long as necessary to fulfill the purposes for which it was collected. Once these purposes have been fulfilled, the data will be deleted.<\/p>\n<p><strong>\u00a0<\/strong><\/p>\n<p><strong>How is personal data protected?<\/strong><\/p>\n<p>EUDAN has adopted the necessary security measures to ensure the confidentiality and integrity of the personal data collected through the website, preventing its alteration, loss, unauthorized processing, or access.<\/p>\n<p><strong>\u00a0<\/strong><\/p>\n<p><strong>What are the users' rights regarding their personal data?<\/strong><\/p>\n<p>Website users have the right to request access to their personal data, its rectification or deletion, the limitation of its processing, to object to its processing, and to the portability of the data, as provided by data protection regulations.<\/p>\n<p>To exercise these rights, the user can send an email to the address indicated in the \"Contact\" section.<\/p>\n<p><strong>Jurisdiction and Applicable Law:<\/strong><\/p>\n<p>This privacy policy is governed by Spanish law. For any dispute that may arise from access to or use of the website, the parties agree to submit to the courts and tribunals of Vitoria-Gasteiz, waiving any other jurisdiction that may correspond to them.<\/p>\n<p><strong>Last Update:<\/strong><\/p>\n<p>This privacy policy was last updated on 19-04-2025.<\/p>\n<p>&nbsp;<\/p>\n<p>[\/et_pb_text][\/et_pb_column][et_pb_column type=\u00bb1_4&#8243; _builder_version=\u00bb4.24.3&#8243; _module_preset=\u00bbdefault\u00bb global_colors_info=\u00bb{}\u00bb][\/et_pb_column][\/et_pb_row][\/et_pb_section]<\/p>","protected":false},"excerpt":{"rendered":"<p>Pol\u00edtica de PrivacidadLa presente pol\u00edtica de privacidad tiene por objeto informar a los usuarios de la web eudan.eus (en adelante, la \u00abweb\u00bb) de la empresa EUDAN Koop. Elk. Txikia (en adelante, \u00abEUDAN\u00bb), acerca del tratamiento de los datos personales que se recopilan a trav\u00e9s de la misma. Datos del responsable del tratamiento: Nombre: EUDAN Koop. [&hellip;]<\/p>","protected":false},"author":2,"featured_media":0,"parent":0,"menu_order":0,"comment_status":"closed","ping_status":"closed","template":"","meta":{"_et_pb_use_builder":"on","_et_pb_old_content":"","_et_gb_content_width":"","footnotes":""},"class_list":["post-404","page","type-page","status-publish","hentry"],"yoast_head":"<!-- This site is optimized with the Yoast SEO plugin v24.2 - https:\/\/yoast.com\/wordpress\/plugins\/seo\/ -->\n<title>Pol\u00edtica de Privacidad | Eudan<\/title>\n<meta name=\"description\" content=\"Descubre c\u00f3mo en Eudan, como empresa de an\u00e1lisis de datos, protegemos tu informaci\u00f3n personal. Inf\u00f3rmate sobre nuestra Pol\u00edtica de Privacidad aqu\u00ed.\" \/>\n<meta name=\"robots\" content=\"noindex, nofollow\" \/>\n<meta property=\"og:locale\" content=\"en_GB\" \/>\n<meta property=\"og:type\" content=\"article\" \/>\n<meta property=\"og:title\" content=\"Pol\u00edtica de Privacidad | Eudan\" \/>\n<meta property=\"og:description\" content=\"Descubre c\u00f3mo en Eudan, como empresa de an\u00e1lisis de datos, protegemos tu informaci\u00f3n personal. Inf\u00f3rmate sobre nuestra Pol\u00edtica de Privacidad aqu\u00ed.\" \/>\n<meta property=\"og:url\" content=\"https:\/\/eudan.eus\/en\/politica-de-privacidad\/\" \/>\n<meta property=\"og:site_name\" content=\"Empresa An\u00e1lisis de Datos | Eudan\" \/>\n<meta property=\"article:modified_time\" content=\"2024-10-08T08:16:40+00:00\" \/>\n<meta name=\"twitter:card\" content=\"summary_large_image\" \/>\n<meta name=\"twitter:title\" content=\"Pol\u00edtica de Privacidad | Eudan\" \/>\n<meta name=\"twitter:description\" content=\"Descubre c\u00f3mo en Eudan, como empresa de an\u00e1lisis de datos, protegemos tu informaci\u00f3n personal. Inf\u00f3rmate sobre nuestra Pol\u00edtica de Privacidad aqu\u00ed.\" \/>\n<meta name=\"twitter:label1\" content=\"Estimated reading time\" \/>\n\t<meta name=\"twitter:data1\" content=\"3 minutes\" \/>\n<script type=\"application\/ld+json\" class=\"yoast-schema-graph\">{\"@context\":\"https:\/\/schema.org\",\"@graph\":[{\"@type\":\"WebPage\",\"@id\":\"https:\/\/eudan.eus\/politica-de-privacidad\/\",\"url\":\"https:\/\/eudan.eus\/politica-de-privacidad\/\",\"name\":\"Pol\u00edtica de Privacidad | Eudan\",\"isPartOf\":{\"@id\":\"https:\/\/eudan.eus\/#website\"},\"datePublished\":\"2024-04-16T09:01:34+00:00\",\"dateModified\":\"2024-10-08T08:16:40+00:00\",\"description\":\"Descubre c\u00f3mo en Eudan, como empresa de an\u00e1lisis de datos, protegemos tu informaci\u00f3n personal. Inf\u00f3rmate sobre nuestra Pol\u00edtica de Privacidad aqu\u00ed.\",\"breadcrumb\":{\"@id\":\"https:\/\/eudan.eus\/politica-de-privacidad\/#breadcrumb\"},\"inLanguage\":\"en-GB\",\"potentialAction\":[{\"@type\":\"ReadAction\",\"target\":[\"https:\/\/eudan.eus\/politica-de-privacidad\/\"]}]},{\"@type\":\"BreadcrumbList\",\"@id\":\"https:\/\/eudan.eus\/politica-de-privacidad\/#breadcrumb\",\"itemListElement\":[{\"@type\":\"ListItem\",\"position\":1,\"name\":\"Home\",\"item\":\"https:\/\/eudan.eus\/\"},{\"@type\":\"ListItem\",\"position\":2,\"name\":\"Pol\u00edtica de Privacidad\"}]},{\"@type\":\"WebSite\",\"@id\":\"https:\/\/eudan.eus\/#website\",\"url\":\"https:\/\/eudan.eus\/\",\"name\":\"Empresa An\u00e1lisis de Datos | Eudan\",\"description\":\"Las empresas que toman mejores decisiones y aprovechan m\u00e1s oportunidades: c\u00f3mo lo hacen. Desc\u00fabrelo aqu\u00ed. Somos una Empresa especializada en An\u00e1lisis de Datos\",\"publisher\":{\"@id\":\"https:\/\/eudan.eus\/#organization\"},\"potentialAction\":[{\"@type\":\"SearchAction\",\"target\":{\"@type\":\"EntryPoint\",\"urlTemplate\":\"https:\/\/eudan.eus\/?s={search_term_string}\"},\"query-input\":{\"@type\":\"PropertyValueSpecification\",\"valueRequired\":true,\"valueName\":\"search_term_string\"}}],\"inLanguage\":\"en-GB\"},{\"@type\":\"Organization\",\"@id\":\"https:\/\/eudan.eus\/#organization\",\"name\":\"Empresa An\u00e1lisis de Datos | Eudan\",\"url\":\"https:\/\/eudan.eus\/\",\"logo\":{\"@type\":\"ImageObject\",\"inLanguage\":\"en-GB\",\"@id\":\"https:\/\/eudan.eus\/#\/schema\/logo\/image\/\",\"url\":\"https:\/\/eudan.eus\/wp-content\/uploads\/2024\/04\/eudan-horizontal-tagline-baja-.png\",\"contentUrl\":\"https:\/\/eudan.eus\/wp-content\/uploads\/2024\/04\/eudan-horizontal-tagline-baja-.png\",\"width\":1366,\"height\":768,\"caption\":\"Empresa An\u00e1lisis de Datos | Eudan\"},\"image\":{\"@id\":\"https:\/\/eudan.eus\/#\/schema\/logo\/image\/\"}}]}<\/script>\n<!-- \/ Yoast SEO plugin. -->","yoast_head_json":{"title":"Pol\u00edtica de Privacidad | Eudan","description":"Descubre c\u00f3mo en Eudan, como empresa de an\u00e1lisis de datos, protegemos tu informaci\u00f3n personal. Inf\u00f3rmate sobre nuestra Pol\u00edtica de Privacidad aqu\u00ed.","robots":{"index":"noindex","follow":"nofollow"},"og_locale":"en_GB","og_type":"article","og_title":"Pol\u00edtica de Privacidad | Eudan","og_description":"Descubre c\u00f3mo en Eudan, como empresa de an\u00e1lisis de datos, protegemos tu informaci\u00f3n personal. Inf\u00f3rmate sobre nuestra Pol\u00edtica de Privacidad aqu\u00ed.","og_url":"https:\/\/eudan.eus\/en\/politica-de-privacidad\/","og_site_name":"Empresa An\u00e1lisis de Datos | Eudan","article_modified_time":"2024-10-08T08:16:40+00:00","twitter_card":"summary_large_image","twitter_title":"Pol\u00edtica de Privacidad | Eudan","twitter_description":"Descubre c\u00f3mo en Eudan, como empresa de an\u00e1lisis de datos, protegemos tu informaci\u00f3n personal. Inf\u00f3rmate sobre nuestra Pol\u00edtica de Privacidad aqu\u00ed.","twitter_misc":{"Estimated reading time":"3 minutes"},"schema":{"@context":"https:\/\/schema.org","@graph":[{"@type":"WebPage","@id":"https:\/\/eudan.eus\/politica-de-privacidad\/","url":"https:\/\/eudan.eus\/politica-de-privacidad\/","name":"Pol\u00edtica de Privacidad | Eudan","isPartOf":{"@id":"https:\/\/eudan.eus\/#website"},"datePublished":"2024-04-16T09:01:34+00:00","dateModified":"2024-10-08T08:16:40+00:00","description":"Descubre c\u00f3mo en Eudan, como empresa de an\u00e1lisis de datos, protegemos tu informaci\u00f3n personal. Inf\u00f3rmate sobre nuestra Pol\u00edtica de Privacidad aqu\u00ed.","breadcrumb":{"@id":"https:\/\/eudan.eus\/politica-de-privacidad\/#breadcrumb"},"inLanguage":"en-GB","potentialAction":[{"@type":"ReadAction","target":["https:\/\/eudan.eus\/politica-de-privacidad\/"]}]},{"@type":"BreadcrumbList","@id":"https:\/\/eudan.eus\/politica-de-privacidad\/#breadcrumb","itemListElement":[{"@type":"ListItem","position":1,"name":"Home","item":"https:\/\/eudan.eus\/"},{"@type":"ListItem","position":2,"name":"Pol\u00edtica de Privacidad"}]},{"@type":"WebSite","@id":"https:\/\/eudan.eus\/#website","url":"https:\/\/eudan.eus\/","name":"Empresa An\u00e1lisis de Datos | Eudan","description":"Las empresas que toman mejores decisiones y aprovechan m\u00e1s oportunidades: c\u00f3mo lo hacen. Desc\u00fabrelo aqu\u00ed. Somos una Empresa especializada en An\u00e1lisis de Datos","publisher":{"@id":"https:\/\/eudan.eus\/#organization"},"potentialAction":[{"@type":"SearchAction","target":{"@type":"EntryPoint","urlTemplate":"https:\/\/eudan.eus\/?s={search_term_string}"},"query-input":{"@type":"PropertyValueSpecification","valueRequired":true,"valueName":"search_term_string"}}],"inLanguage":"en-GB"},{"@type":"Organization","@id":"https:\/\/eudan.eus\/#organization","name":"Empresa An\u00e1lisis de Datos | Eudan","url":"https:\/\/eudan.eus\/","logo":{"@type":"ImageObject","inLanguage":"en-GB","@id":"https:\/\/eudan.eus\/#\/schema\/logo\/image\/","url":"https:\/\/eudan.eus\/wp-content\/uploads\/2024\/04\/eudan-horizontal-tagline-baja-.png","contentUrl":"https:\/\/eudan.eus\/wp-content\/uploads\/2024\/04\/eudan-horizontal-tagline-baja-.png","width":1366,"height":768,"caption":"Empresa An\u00e1lisis de Datos | Eudan"},"image":{"@id":"https:\/\/eudan.eus\/#\/schema\/logo\/image\/"}}]}},"_links":{"self":[{"href":"https:\/\/eudan.eus\/en\/wp-json\/wp\/v2\/pages\/404","targetHints":{"allow":["GET"]}}],"collection":[{"href":"https:\/\/eudan.eus\/en\/wp-json\/wp\/v2\/pages"}],"about":[{"href":"https:\/\/eudan.eus\/en\/wp-json\/wp\/v2\/types\/page"}],"author":[{"embeddable":true,"href":"https:\/\/eudan.eus\/en\/wp-json\/wp\/v2\/users\/2"}],"replies":[{"embeddable":true,"href":"https:\/\/eudan.eus\/en\/wp-json\/wp\/v2\/comments?post=404"}],"version-history":[{"count":6,"href":"https:\/\/eudan.eus\/en\/wp-json\/wp\/v2\/pages\/404\/revisions"}],"predecessor-version":[{"id":640,"href":"https:\/\/eudan.eus\/en\/wp-json\/wp\/v2\/pages\/404\/revisions\/640"}],"wp:attachment":[{"href":"https:\/\/eudan.eus\/en\/wp-json\/wp\/v2\/media?parent=404"}],"curies":[{"name":"wp","href":"https:\/\/api.w.org\/{rel}","templated":true}]}}