{"id":746,"date":"2025-05-12T11:21:02","date_gmt":"2025-05-12T09:21:02","guid":{"rendered":"https:\/\/eudan.eus\/?page_id=746"},"modified":"2025-05-13T15:31:11","modified_gmt":"2025-05-13T13:31:11","slug":"kit-digital","status":"publish","type":"page","link":"https:\/\/eudan.eus\/cat\/kit-digital\/","title":{"rendered":"Kit Digital"},"content":{"rendered":"<p>[et_pb_section fb_built=\u00bb1&#8243; _builder_version=\u00bb4.24.3&#8243; _module_preset=\u00bbdefault\u00bb custom_padding=\u00bb||150px|||\u00bb global_colors_info=\u00bb{}\u00bb][et_pb_row column_structure=\u00bb3_4,1_4&#8243; _builder_version=\u00bb4.24.3&#8243; _module_preset=\u00bbdefault\u00bb width=\u00bb79.4%\u00bb global_colors_info=\u00bb{}\u00bb][et_pb_column type=\u00bb3_4&#8243; _builder_version=\u00bb4.24.3&#8243; _module_preset=\u00bbdefault\u00bb global_colors_info=\u00bb{}\u00bb][et_pb_text _builder_version=\u00bb4.27.4&#8243; _module_preset=\u00bbdefault\u00bb global_colors_info=\u00bb{}\u00bb]<\/p>\n<h1>Kit Digital | EUDAN<\/h1>\n<p>[\/et_pb_text][et_pb_image src=\u00bbhttps:\/\/eudan.eus\/wp-content\/uploads\/2025\/05\/Logo-Kit-Digital_logo-ampliado.png\u00bb title_text=\u00bbLogo Kit Digital_logo-ampliado\u00bb _builder_version=\u00bb4.27.4&#8243; _module_preset=\u00bbdefault\u00bb global_colors_info=\u00bb{}\u00bb][\/et_pb_image][et_pb_text _builder_version=\u00bb4.27.4&#8243; _module_preset=\u00bbdefault\u00bb text_font=\u00bb|300|||||||\u00bb hover_enabled=\u00bb0&#8243; global_colors_info=\u00bb{}\u00bb sticky_enabled=\u00bb0&#8243;]<\/p>\n<p><strong>Solucions de Digitalizaci\u00f3 d'EUDAN | Programa Kit Digital<\/strong><\/p>\n<p><strong><\/strong><\/p>\n<p><strong>Qu\u00e8 \u00e9s el Programa Kit Digital?<\/strong><\/p>\n<p>A <strong>EUDAN<\/strong>, com a <strong>Agent Digitalitzador Adherit<\/strong> al <strong>Programa Kit Digital<\/strong>, posem a disposici\u00f3 de les petites empreses, microempreses i aut\u00f2noms les nostres solucions tecnol\u00f2giques per impulsar la seva digitalitzaci\u00f3. Aquesta iniciativa est\u00e0 finan\u00e7ada pels <strong>Fons Europeus \u201cNext Generation EU\u201d<\/strong>, en el marc del <strong>Pla de Recuperaci\u00f3, Transformaci\u00f3 i Resili\u00e8ncia<\/strong> del Govern d\u2019Espanya.<\/p>\n<p>El nostre comprom\u00eds \u00e9s acompanyar les entitats benefici\u00e0ries en el seu proc\u00e9s de digitalitzaci\u00f3, garantint un servei de qualitat, adaptat a les seves necessitats i orientat a generar resultats concrets en la seva transformaci\u00f3 digital.<\/p>\n<p><strong><\/strong><\/p>\n<p><strong><\/strong><\/p>\n<p><strong><\/strong><\/p>\n<p><strong><\/strong><\/p>\n<p><strong>Solucions de Digitalitzaci\u00f3 Disponibles<\/strong><\/p>\n<p>A EUDAN, oferim les seg\u00fcents solucions dins del cat\u00e0leg del Programa Kit Digital:<\/p>\n<p><strong><\/strong><\/p>\n<p><strong><\/strong><\/p>\n<p><strong>1. Business Intelligence i Anal\u00edtica (Segments I, II, III i IV)<\/strong><\/p>\n<p><strong>a) An\u00e0lisi Intel\u00b7ligent de Dades per a la Presa de Decisions<\/strong><\/p>\n<p>Servei d'implantaci\u00f3 de solucions personalitzades d'an\u00e0lisi de dades, que permet visualitzar en temps real els principals indicadors de negoci, vendes, clients o xarxes socials mitjan\u00e7ant quadres de comandament interactius desenvolupats amb eines com Power BI, Looker Studio o Python. Inclou:<\/p>\n<ul>\n<li>Diagnosi de necessitats i fonts de dades disponibles.<\/li>\n<li>Desenvolupament de quadres de comandament personalitzats.<\/li>\n<li>Formaci\u00f3 per a l\u2019\u00fas de les eines implantades.<\/li>\n<li>Manteniment i millora cont\u00ednua.<\/li>\n<\/ul>\n<p><strong>Preu orientatiu:<\/strong>:<br \/>Des de 1.500 \u20ac fins a 6.000 \u20ac + IVA, segons l'abast del projecte i el nombre d'usuaris.<\/p>\n<p>&nbsp;<\/p>\n<p><strong>b)\u00a0<\/strong><strong>Desenvolupament de Repositoris de Coneixement i Mem\u00f2ria Empresarial<\/strong><\/p>\n<p><strong><\/strong>Dissenyem i implantem plataformes digitals personalitzades basades en RAG (Retrieval Augmented Generation) i sistemes de cerca intel\u00b7ligent, que permeten a les organitzacions centralitzar i consultar f\u00e0cilment tota la seva documentaci\u00f3 interna o p\u00fablica: manuals, informes, projectes, actes, articles o dades estructurades.<\/p>\n<p><strong>Soluci\u00f3 ideal per a:<\/strong><\/p>\n<ul>\n<li>Departaments d'innovaci\u00f3, qualitat o sostenibilitat.<\/li>\n<li>Gesti\u00f3 de la mem\u00f2ria corporativa.<\/li>\n<li>Projectes de transpar\u00e8ncia o acc\u00e9s obert.<\/li>\n<\/ul>\n<p><strong>Inclou:<\/strong><\/p>\n<ul>\n<li>An\u00e0lisi i estructuraci\u00f3 de la documentaci\u00f3 existent.<\/li>\n<li>Desenvolupament de cercadors intel\u00b7ligents personalitzats.<\/li>\n<li>Integraci\u00f3 amb bases de dades o emmagatzematge al n\u00favol.<\/li>\n<li>Formaci\u00f3 i suport t\u00e8cnic.<\/li>\n<\/ul>\n<p><strong>Preu orientatiu:<br \/><\/strong>Des de 3.000 \u20ac fins a 8.000 \u20ac + IVA, segons el volum de documentaci\u00f3 i les funcionalitats requerides.<\/p>\n<p>&nbsp;<\/p>\n<p>&nbsp;<\/p>\n<p><strong>Gesti\u00f3 de Processos (Segments I, II, III y IV)<\/strong><\/p>\n<p><strong>Automatitzaci\u00f3 de Processos de Negoci<\/strong><\/p>\n<p>Desenvolupament de solucions a mida que permeten automatitzar tasques repetitives com el tractament de dades, la generaci\u00f3 d'informes, la integraci\u00f3 entre plataformes (ERP, CRM, Xarxes Socials) i la creaci\u00f3 de fluxos de treball autom\u00e0tics. Inclou:<\/p>\n<ul>\n<li>An\u00e0lisi de processos susceptibles d'automatitzaci\u00f3.<\/li>\n<li>Desenvolupament i posada en marxa d'scripts i aplicacions.<\/li>\n<li>Formaci\u00f3 per a la correcta explotaci\u00f3 de les automatitzacions.<\/li>\n<li>Suport i manteniment.<\/li>\n<\/ul>\n<p><strong>Preu orientatiu:<\/strong>:<br \/>Des de 1.800 \u20ac fins a 7.000 \u20ac + IVA, segons la complexitat i el nombre de processos.<\/p>\n<p>&nbsp;<\/p>\n<p>&nbsp;<\/p>\n<p><strong>3. Gesti\u00f3 de Clients<\/strong><\/p>\n<p data-start=\"972\" data-end=\"1053\"><strong data-start=\"1001\" data-end=\"1053\">CRM Intel\u00b7ligent per a la Fidelitzaci\u00f3 de Clients<\/strong><\/p>\n<p data-start=\"1055\" data-end=\"1245\">Desenvolupem sistemes de gesti\u00f3 de relacions amb els clients (CRM) que centralitzen la informaci\u00f3 i milloren la comunicaci\u00f3 amb els clients. Les nostres solucions inclouen:<\/p>\n<ul data-start=\"1247\" data-end=\"1409\">\n<li data-start=\"1247\" data-end=\"1283\">\n<p data-start=\"1249\" data-end=\"1283\">Segmentaci\u00f3 avan\u00e7ada de clients.<\/p>\n<\/li>\n<li data-start=\"1284\" data-end=\"1326\">\n<p data-start=\"1286\" data-end=\"1326\">Automatitzaci\u00f3 de campanyes de m\u00e0rqueting.<\/p>\n<\/li>\n<li data-start=\"1327\" data-end=\"1369\">\n<p data-start=\"1329\" data-end=\"1369\">Integraci\u00f3 amb canals de comunicaci\u00f3.<\/p>\n<\/li>\n<li data-start=\"1370\" data-end=\"1409\">\n<p data-start=\"1372\" data-end=\"1409\">An\u00e0lisi de satisfacci\u00f3 i retenci\u00f3.<\/p>\n<\/li>\n<\/ul>\n<p data-start=\"1411\" data-end=\"1512\"><strong data-start=\"1411\" data-end=\"1433\">Preu orientatiu:<\/strong>:<br data-start=\"1434\" data-end=\"1437\" \/>Des de 1.800\u202f\u20ac fins a 6.500\u202f\u20ac, segons les funcionalitats requerides.<\/p>\n<p>&nbsp;<\/p>\n<p>&nbsp;<\/p>\n<p><strong>4. <\/strong><strong data-start=\"278\" data-end=\"332\">Business Intelligence, Anal\u00edtica i IA associada (Segments IV i V)<\/strong><\/p>\n<p data-start=\"334\" data-end=\"409\"><strong data-start=\"363\" data-end=\"409\">An\u00e0lisi Predictiva de Dades Empresarials<\/strong><\/p>\n<p data-start=\"411\" data-end=\"692\">Implementem solucions avan\u00e7ades d'an\u00e0lisi de dades que permeten a les empreses anticipar-se a les tend\u00e8ncies del mercat, als comportaments dels clients i optimitzar processos interns. Utilitzem eines com Power BI i models d'aprenentatge autom\u00e0tic per oferir:<\/p>\n<ul data-start=\"694\" data-end=\"846\">\n<li data-start=\"694\" data-end=\"730\">\n<p data-start=\"696\" data-end=\"730\">Visualitzaci\u00f3 interactiva d\u2019indicadors clau (KPI).<\/p>\n<\/li>\n<li data-start=\"731\" data-end=\"768\">\n<p data-start=\"733\" data-end=\"768\">Models predictius personalitzats.<\/p>\n<\/li>\n<li data-start=\"769\" data-end=\"814\">\n<p data-start=\"771\" data-end=\"814\">Integraci\u00f3 amb m\u00faltiples fonts de dades.<\/p>\n<\/li>\n<li data-start=\"815\" data-end=\"846\">\n<p data-start=\"817\" data-end=\"846\">Formaci\u00f3 i suport continu.<\/p>\n<\/li>\n<\/ul>\n<p data-start=\"848\" data-end=\"933\"><strong data-start=\"848\" data-end=\"870\">Preu orientatiu:<\/strong>:<br data-start=\"871\" data-end=\"874\" \/>Des de 2.000\u202f\u20ac fins a 7.000\u202f\u20ac, segons l\u2019abast del projecte.<\/p>\n<p data-start=\"848\" data-end=\"933\"><strong><\/strong><\/p>\n<p data-start=\"848\" data-end=\"933\"><strong><\/strong><\/p>\n<p data-start=\"848\" data-end=\"933\"><strong><\/strong><\/p>\n<p data-start=\"848\" data-end=\"933\"><strong><\/strong><\/p>\n<p data-start=\"848\" data-end=\"933\"><strong>5. <\/strong><strong data-start=\"2118\" data-end=\"2160\">Gesti\u00f3 de Processos amb IA associada (Segments IV i V)<\/strong><\/p>\n<p data-start=\"2162\" data-end=\"2247\"><strong data-start=\"2191\" data-end=\"2247\">Automatitzaci\u00f3 Intel\u00b7ligent de Processos Empresarials<\/strong><\/p>\n<p data-start=\"2249\" data-end=\"2419\">Optimitzem processos interns mitjan\u00e7ant l'automatitzaci\u00f3 i la IA, reduint errors i augmentant l'efici\u00e8ncia operativa. Les nostres solucions inclouen:<\/p>\n<ul data-start=\"2421\" data-end=\"2624\">\n<li data-start=\"2421\" data-end=\"2481\">\n<p data-start=\"2423\" data-end=\"2481\">An\u00e0lisi de processos susceptibles d'automatitzaci\u00f3.<\/p>\n<\/li>\n<li data-start=\"2482\" data-end=\"2530\">\n<p data-start=\"2484\" data-end=\"2530\">Desenvolupament de fluxos de treball automatitzats.<\/p>\n<\/li>\n<li data-start=\"2531\" data-end=\"2580\">\n<p data-start=\"2533\" data-end=\"2580\">Integraci\u00f3 amb sistemes existents (ERP, CRM).<\/p>\n<\/li>\n<li data-start=\"2581\" data-end=\"2624\">\n<p data-start=\"2583\" data-end=\"2624\">Monitoratge i an\u00e0lisi en temps real.<\/p>\n<\/li>\n<\/ul>\n<p data-start=\"2626\" data-end=\"2733\"><strong data-start=\"2626\" data-end=\"2648\">Preu orientatiu:<\/strong>:<br data-start=\"2649\" data-end=\"2652\" \/>Des de 2.200\u202f\u20ac fins a 8.000\u202f\u20ac, segons el nombre i la complexitat dels processos.<\/p>\n<p data-start=\"848\" data-end=\"933\"><strong><\/strong><\/p>\n<p data-start=\"848\" data-end=\"933\"><strong><\/strong><\/p>\n<p data-start=\"848\" data-end=\"933\"><strong><\/strong><\/p>\n<p data-start=\"848\" data-end=\"933\"><strong><\/strong><\/p>\n<p data-start=\"848\" data-end=\"933\"><strong>6. G<\/strong><strong data-start=\"1523\" data-end=\"1565\">esti\u00f3 de Clients amb IA associada (Segments IV i V)<\/strong><\/p>\n<p data-start=\"1567\" data-end=\"1639\"><strong data-start=\"1596\" data-end=\"1639\">Atenci\u00f3 al Client Automatitzada amb IA<\/strong><\/p>\n<p data-start=\"1641\" data-end=\"1821\">Implementem assistents virtuals i chatbots agentitzats basats en IA que milloren l'experi\u00e8ncia del client i optimitzen els recursos humans. Caracter\u00edstiques principals:<\/p>\n<ul data-start=\"1823\" data-end=\"2008\">\n<li data-start=\"1823\" data-end=\"1871\">\n<p data-start=\"1825\" data-end=\"1871\">Respostes autom\u00e0tiques a consultes freq\u00fcents.<\/p>\n<\/li>\n<li data-start=\"1872\" data-end=\"1914\">\n<p data-start=\"1874\" data-end=\"1914\">Integraci\u00f3 amb sistemes CRM existents.<\/p>\n<\/li>\n<li data-start=\"1915\" data-end=\"1964\">\n<p data-start=\"1917\" data-end=\"1964\">An\u00e0lisi de les interaccions per a la millora cont\u00ednua.<\/p>\n<\/li>\n<li data-start=\"1965\" data-end=\"2008\">\n<p data-start=\"1967\" data-end=\"2008\">Disponibilitat 24\/7 en m\u00faltiples canals.<\/p>\n<\/li>\n<\/ul>\n<p data-start=\"2010\" data-end=\"2107\"><strong data-start=\"2010\" data-end=\"2032\">Preu orientatiu:<\/strong>:<br data-start=\"2033\" data-end=\"2036\" \/>Des de 3.500\u202f\u20ac fins a 8.000\u202f\u20ac, segons la complexitat i els canals integrats.<\/p>\n<p>&nbsp;<\/p>\n<p>&nbsp;<\/p>\n<p>&nbsp;<\/p>\n<p><strong>Per qu\u00e8 triar EUDAN?<\/strong><\/p>\n<p><strong><\/strong><\/p>\n<ul>\n<li><strong>Especialistes en dades, automatitzaci\u00f3 i solucions basades en intel\u00b7lig\u00e8ncia artificial<\/strong>: Comptem amb experi\u00e8ncia demostrada en projectes amb governs, universitats i empreses.<\/li>\n<li><strong>Solucions a mida<\/strong>: Adaptem cada soluci\u00f3 a les necessitats reals de cada client.<\/li>\n<li><strong>Enfocament pr\u00e0ctic i orientat a resultats<\/strong>: Els nostres desenvolupaments prioritzen l'impacte i la facilitat d'\u00fas.<\/li>\n<li><strong>Acompanyament complet<\/strong>: Des del diagn\u00f2stic fins a la implantaci\u00f3 i la formaci\u00f3.<\/li>\n<\/ul>\n<p>[\/et_pb_text][et_pb_cta title=\u00bb\u00bfQuieres saber m\u00e1s? Hablemos.\u00bb button_text=\u00bbClics\u00bb _builder_version=\u00bb4.27.4&#8243; _module_preset=\u00bbdefault\u00bb header_text_color=\u00bb#9cdce2&#8243; body_text_color=\u00bb#000000&#8243; background_color=\u00bb#FFFFFF\u00bb global_colors_info=\u00bb{}\u00bb button_text__hover_enabled=\u00bbon|hover\u00bb button_text__hover=\u00bbClics\u00bb]<\/p>\n<p>&nbsp;<\/p>\n<p>Envia'ns un correu electr\u00f2nic a info @ eudan.eus<\/p>\n<p>Estarem encantats de veure com podem ajudar-te.<\/p>\n<p>[\/et_pb_cta][\/et_pb_column][et_pb_column type=\u00bb1_4&#8243; _builder_version=\u00bb4.24.3&#8243; _module_preset=\u00bbdefault\u00bb global_colors_info=\u00bb{}\u00bb][\/et_pb_column][\/et_pb_row][\/et_pb_section]<\/p>","protected":false},"excerpt":{"rendered":"<p>Kit Digital | EUDANSoluciones de Digitalizaci\u00f3n de EUDAN | Programa Kit Digital \u00bfQu\u00e9 es el Programa Kit Digital? En EUDAN, como Agente Digitalizador Adherido al Programa Kit Digital, ponemos a disposici\u00f3n de las peque\u00f1as empresas, microempresas y aut\u00f3nomos nuestras soluciones tecnol\u00f3gicas para impulsar su digitalizaci\u00f3n. Esta iniciativa est\u00e1 financiada por los Fondos Europeos \u201cNext Generation [&hellip;]<\/p>","protected":false},"author":3,"featured_media":0,"parent":0,"menu_order":0,"comment_status":"closed","ping_status":"closed","template":"","meta":{"_et_pb_use_builder":"on","_et_pb_old_content":"","_et_gb_content_width":"","footnotes":""},"class_list":["post-746","page","type-page","status-publish","hentry"],"yoast_head":"<!-- This site is optimized with the Yoast SEO plugin v24.2 - https:\/\/yoast.com\/wordpress\/plugins\/seo\/ -->\n<title>Kit Digital | Eudan<\/title>\n<meta name=\"description\" content=\"EUDAN, Agente Digitalizador del Kit Digital, te ayuda a digitalizar tu negocio con soluciones en anal\u00edtica, automatizaci\u00f3n, IA y gesti\u00f3n documental.\" \/>\n<meta name=\"robots\" content=\"index, follow, max-snippet:-1, max-image-preview:large, max-video-preview:-1\" \/>\n<link rel=\"canonical\" href=\"https:\/\/eudan.eus\/cat\/kit-digital\/\" \/>\n<meta property=\"og:locale\" content=\"ca_ES\" \/>\n<meta property=\"og:type\" content=\"article\" \/>\n<meta property=\"og:title\" content=\"Kit Digital | Eudan\" \/>\n<meta property=\"og:description\" content=\"EUDAN, Agente Digitalizador del Kit Digital, te ayuda a digitalizar tu negocio con soluciones en anal\u00edtica, automatizaci\u00f3n, IA y gesti\u00f3n documental.\" \/>\n<meta property=\"og:url\" content=\"https:\/\/eudan.eus\/cat\/kit-digital\/\" \/>\n<meta property=\"og:site_name\" content=\"Empresa An\u00e1lisis de Datos | Eudan\" \/>\n<meta property=\"article:modified_time\" content=\"2025-05-13T13:31:11+00:00\" \/>\n<meta name=\"twitter:card\" content=\"summary_large_image\" \/>\n<meta name=\"twitter:label1\" content=\"Temps estimat de lectura\" \/>\n\t<meta name=\"twitter:data1\" content=\"3 minuts\" \/>\n<script type=\"application\/ld+json\" class=\"yoast-schema-graph\">{\"@context\":\"https:\/\/schema.org\",\"@graph\":[{\"@type\":\"WebPage\",\"@id\":\"https:\/\/eudan.eus\/kit-digital\/\",\"url\":\"https:\/\/eudan.eus\/kit-digital\/\",\"name\":\"Kit Digital | Eudan\",\"isPartOf\":{\"@id\":\"https:\/\/eudan.eus\/#website\"},\"datePublished\":\"2025-05-12T09:21:02+00:00\",\"dateModified\":\"2025-05-13T13:31:11+00:00\",\"description\":\"EUDAN, Agente Digitalizador del Kit Digital, te ayuda a digitalizar tu negocio con soluciones en anal\u00edtica, automatizaci\u00f3n, IA y gesti\u00f3n documental.\",\"breadcrumb\":{\"@id\":\"https:\/\/eudan.eus\/kit-digital\/#breadcrumb\"},\"inLanguage\":\"ca\",\"potentialAction\":[{\"@type\":\"ReadAction\",\"target\":[\"https:\/\/eudan.eus\/kit-digital\/\"]}]},{\"@type\":\"BreadcrumbList\",\"@id\":\"https:\/\/eudan.eus\/kit-digital\/#breadcrumb\",\"itemListElement\":[{\"@type\":\"ListItem\",\"position\":1,\"name\":\"Home\",\"item\":\"https:\/\/eudan.eus\/\"},{\"@type\":\"ListItem\",\"position\":2,\"name\":\"Kit Digital\"}]},{\"@type\":\"WebSite\",\"@id\":\"https:\/\/eudan.eus\/#website\",\"url\":\"https:\/\/eudan.eus\/\",\"name\":\"Empresa An\u00e1lisis de Datos | Eudan\",\"description\":\"Las empresas que toman mejores decisiones y aprovechan m\u00e1s oportunidades: c\u00f3mo lo hacen. Desc\u00fabrelo aqu\u00ed. Somos una Empresa especializada en An\u00e1lisis de Datos\",\"publisher\":{\"@id\":\"https:\/\/eudan.eus\/#organization\"},\"potentialAction\":[{\"@type\":\"SearchAction\",\"target\":{\"@type\":\"EntryPoint\",\"urlTemplate\":\"https:\/\/eudan.eus\/?s={search_term_string}\"},\"query-input\":{\"@type\":\"PropertyValueSpecification\",\"valueRequired\":true,\"valueName\":\"search_term_string\"}}],\"inLanguage\":\"ca\"},{\"@type\":\"Organization\",\"@id\":\"https:\/\/eudan.eus\/#organization\",\"name\":\"Empresa An\u00e1lisis de Datos | Eudan\",\"url\":\"https:\/\/eudan.eus\/\",\"logo\":{\"@type\":\"ImageObject\",\"inLanguage\":\"ca\",\"@id\":\"https:\/\/eudan.eus\/#\/schema\/logo\/image\/\",\"url\":\"https:\/\/eudan.eus\/wp-content\/uploads\/2024\/04\/eudan-horizontal-tagline-baja-.png\",\"contentUrl\":\"https:\/\/eudan.eus\/wp-content\/uploads\/2024\/04\/eudan-horizontal-tagline-baja-.png\",\"width\":1366,\"height\":768,\"caption\":\"Empresa An\u00e1lisis de Datos | Eudan\"},\"image\":{\"@id\":\"https:\/\/eudan.eus\/#\/schema\/logo\/image\/\"}}]}<\/script>\n<!-- \/ Yoast SEO plugin. -->","yoast_head_json":{"title":"Kit Digital | Eudan","description":"EUDAN, Agente Digitalizador del Kit Digital, te ayuda a digitalizar tu negocio con soluciones en anal\u00edtica, automatizaci\u00f3n, IA y gesti\u00f3n documental.","robots":{"index":"index","follow":"follow","max-snippet":"max-snippet:-1","max-image-preview":"max-image-preview:large","max-video-preview":"max-video-preview:-1"},"canonical":"https:\/\/eudan.eus\/cat\/kit-digital\/","og_locale":"ca_ES","og_type":"article","og_title":"Kit Digital | Eudan","og_description":"EUDAN, Agente Digitalizador del Kit Digital, te ayuda a digitalizar tu negocio con soluciones en anal\u00edtica, automatizaci\u00f3n, IA y gesti\u00f3n documental.","og_url":"https:\/\/eudan.eus\/cat\/kit-digital\/","og_site_name":"Empresa An\u00e1lisis de Datos | Eudan","article_modified_time":"2025-05-13T13:31:11+00:00","twitter_card":"summary_large_image","twitter_misc":{"Temps estimat de lectura":"3 minuts"},"schema":{"@context":"https:\/\/schema.org","@graph":[{"@type":"WebPage","@id":"https:\/\/eudan.eus\/kit-digital\/","url":"https:\/\/eudan.eus\/kit-digital\/","name":"Kit Digital | Eudan","isPartOf":{"@id":"https:\/\/eudan.eus\/#website"},"datePublished":"2025-05-12T09:21:02+00:00","dateModified":"2025-05-13T13:31:11+00:00","description":"EUDAN, Agente Digitalizador del Kit Digital, te ayuda a digitalizar tu negocio con soluciones en anal\u00edtica, automatizaci\u00f3n, IA y gesti\u00f3n documental.","breadcrumb":{"@id":"https:\/\/eudan.eus\/kit-digital\/#breadcrumb"},"inLanguage":"ca","potentialAction":[{"@type":"ReadAction","target":["https:\/\/eudan.eus\/kit-digital\/"]}]},{"@type":"BreadcrumbList","@id":"https:\/\/eudan.eus\/kit-digital\/#breadcrumb","itemListElement":[{"@type":"ListItem","position":1,"name":"Home","item":"https:\/\/eudan.eus\/"},{"@type":"ListItem","position":2,"name":"Kit Digital"}]},{"@type":"WebSite","@id":"https:\/\/eudan.eus\/#website","url":"https:\/\/eudan.eus\/","name":"Empresa An\u00e1lisis de Datos | Eudan","description":"Las empresas que toman mejores decisiones y aprovechan m\u00e1s oportunidades: c\u00f3mo lo hacen. Desc\u00fabrelo aqu\u00ed. Somos una Empresa especializada en An\u00e1lisis de Datos","publisher":{"@id":"https:\/\/eudan.eus\/#organization"},"potentialAction":[{"@type":"SearchAction","target":{"@type":"EntryPoint","urlTemplate":"https:\/\/eudan.eus\/?s={search_term_string}"},"query-input":{"@type":"PropertyValueSpecification","valueRequired":true,"valueName":"search_term_string"}}],"inLanguage":"ca"},{"@type":"Organization","@id":"https:\/\/eudan.eus\/#organization","name":"Empresa An\u00e1lisis de Datos | Eudan","url":"https:\/\/eudan.eus\/","logo":{"@type":"ImageObject","inLanguage":"ca","@id":"https:\/\/eudan.eus\/#\/schema\/logo\/image\/","url":"https:\/\/eudan.eus\/wp-content\/uploads\/2024\/04\/eudan-horizontal-tagline-baja-.png","contentUrl":"https:\/\/eudan.eus\/wp-content\/uploads\/2024\/04\/eudan-horizontal-tagline-baja-.png","width":1366,"height":768,"caption":"Empresa An\u00e1lisis de Datos | Eudan"},"image":{"@id":"https:\/\/eudan.eus\/#\/schema\/logo\/image\/"}}]}},"_links":{"self":[{"href":"https:\/\/eudan.eus\/cat\/wp-json\/wp\/v2\/pages\/746","targetHints":{"allow":["GET"]}}],"collection":[{"href":"https:\/\/eudan.eus\/cat\/wp-json\/wp\/v2\/pages"}],"about":[{"href":"https:\/\/eudan.eus\/cat\/wp-json\/wp\/v2\/types\/page"}],"author":[{"embeddable":true,"href":"https:\/\/eudan.eus\/cat\/wp-json\/wp\/v2\/users\/3"}],"replies":[{"embeddable":true,"href":"https:\/\/eudan.eus\/cat\/wp-json\/wp\/v2\/comments?post=746"}],"version-history":[{"count":11,"href":"https:\/\/eudan.eus\/cat\/wp-json\/wp\/v2\/pages\/746\/revisions"}],"predecessor-version":[{"id":788,"href":"https:\/\/eudan.eus\/cat\/wp-json\/wp\/v2\/pages\/746\/revisions\/788"}],"wp:attachment":[{"href":"https:\/\/eudan.eus\/cat\/wp-json\/wp\/v2\/media?parent=746"}],"curies":[{"name":"wp","href":"https:\/\/api.w.org\/{rel}","templated":true}]}}